{"id":3134,"date":"2021-12-17T02:39:33","date_gmt":"2021-12-17T02:39:33","guid":{"rendered":"https:\/\/xn--cabaasulmo-w9a.cl\/?page_id=3134"},"modified":"2021-12-17T02:54:14","modified_gmt":"2021-12-17T02:54:14","slug":"lugares-para-visitar","status":"publish","type":"page","link":"https:\/\/xn--cabaasulmo-w9a.cl\/index.php\/lugares-para-visitar\/","title":{"rendered":"Lugares para visitar"},"content":{"rendered":"<p>[vc_row][vc_column][vc_row_inner][vc_column_inner width=\u00bb1\/6&#8243;]<div id=\"ultimate-heading-159069f3795fa90d5\" class=\"uvc-heading ult-adjust-bottom-margin ultimate-heading-159069f3795fa90d5 uvc-2420 \" data-hspacer=\"no_spacer\"  data-halign=\"left\" style=\"text-align:left\"><div class=\"uvc-heading-spacer no_spacer\" style=\"top\"><\/div><div class=\"uvc-main-heading ult-responsive\"  data-ultimate-target='.uvc-heading.ultimate-heading-159069f3795fa90d5 h2'  data-responsive-json-new='{\"font-size\":\"desktop:25px;\",\"line-height\":\"\"}' ><h2 style=\"--font-weight:theme;margin-bottom:20px;\">SALTOS DE AGUA<\/h2><\/div><\/div><div class=\"standard-arrow list-divider bullet-top\"><ul>\n<li>Salto de Ri\u00f1inahue&nbsp;<\/li>\n<li>Salto Nilahue&nbsp;<\/li>\n<li>Salto Pichi-ignao&nbsp;<\/li>\n<li>Salto ojos del Huishue<\/li>\n<\/ul>\n<\/div>[\/vc_column_inner][vc_column_inner width=\u00bb5\/6&#8243;]<div id=\"ultimate-heading-27569f3795fa913b\" class=\"uvc-heading ult-adjust-bottom-margin ultimate-heading-27569f3795fa913b uvc-7811 \" data-hspacer=\"no_spacer\"  data-halign=\"left\" style=\"text-align:left\"><div class=\"uvc-heading-spacer no_spacer\" style=\"top\"><\/div><div class=\"uvc-main-heading ult-responsive\"  data-ultimate-target='.uvc-heading.ultimate-heading-27569f3795fa913b h2'  data-responsive-json-new='{\"font-size\":\"desktop:25px;\",\"line-height\":\"\"}' ><h2 style=\"--font-weight:theme;margin-bottom:20px;\">TERMAS<\/h2><\/div><\/div><div class=\"standard-arrow list-divider bullet-top\"><ul>\n<li><strong><em>TERMAS \u00a0EL PARAISO<\/em><\/strong>A 12 kil\u00f3metros\u00a0 de Llifen y a 26 kil\u00f3metros de Futrono se encuentra el sector de Los Cerrillos, internada en la monta\u00f1a \u00a0en direcci\u00f3n al Volc\u00e1n Choshuenco , \u00a0orillando los hermosos parajes que la Naturaleza \u00a0tales como Los \u00a0r\u00edos Caunahue y Flor\u00edn, nacen las aguas termales de forma natural.\n<p>&nbsp;<\/li>\n<li><strong><em>TERMAS SPA DE LLIFEN<\/em><\/strong>Ubicado en Llifen,\u00a0 en plena carretera la cual bordea la Cuenca del Ranco, se encuentran las dependencias del spa la cual cuenta con piscina techada y diversos servicios tales como servicio spa y restaurant.\n<p>&nbsp;<\/li>\n<li><strong><em>TERMAS DE CHIHUIO<\/em><\/strong>A 50 kil\u00f3metros de Llifen y a 70 kil\u00f3metros de Futrono,\u00a0 saliendo de Llifen en direcci\u00f3n hacia Lago Maihue, podr\u00e1n disfrutar y conocer de la ruta de Pablo Neruda, al internarse hacia la cordillera de Los Andes, se accede al Fundo Chihuio, lugar donde se ubican las Termas del mismo nombre, sector de una belleza natural y maravillosos paisajes que cautivan a los visitantes, las\u00a0 termas cuentan con dos piscinas, lugar para hacer picnic.<\/li>\n<\/ul>\n<\/div>[\/vc_column_inner][\/vc_row_inner][vc_media_grid element_width=\u00bb2&#8243; grid_id=\u00bbvc_gid:1639709413542-633d4e04-7b59-4&#8243; include=\u00bb3073,3131,3137,3138,3139,3066&#8243;][\/vc_column][\/vc_row][vc_row full_width=\u00bbstretch_row\u00bb bg_type=\u00bbbg_color\u00bb bg_override=\u00bbex-full\u00bb bg_color_value=\u00bb#f4f4f4&#8243;][vc_column]<div id=\"ultimate-heading-466069f3795fa9191\" class=\"uvc-heading ult-adjust-bottom-margin ultimate-heading-466069f3795fa9191 uvc-4891 \" data-hspacer=\"no_spacer\"  data-halign=\"left\" style=\"text-align:left\"><div class=\"uvc-heading-spacer no_spacer\" style=\"top\"><\/div><div class=\"uvc-main-heading ult-responsive\"  data-ultimate-target='.uvc-heading.ultimate-heading-466069f3795fa9191 h2'  data-responsive-json-new='{\"font-size\":\"desktop:25px;\",\"line-height\":\"\"}' ><h2 style=\"--font-weight:theme;margin-bottom:20px;\">ISLA HUAPI<\/h2><\/div><\/div><div class=\"standard-arrow list-divider bullet-top\"><ul>\n<li>Esta hermosa Isla se encuentra ubicada en el del Lago Ranco, lugar donde se puede interactuar con la comunidad Mapuche-Huilliche, quienes aun conservan sus tradiciones ancestrales, para llegar al lugar se navega 45 minutos \u00a0en barcaza, se puede recorrer la isla en paseos a caballo y carreta, visitar la piedra bruja, la centro playa de puerto sur y degustar su gastronom\u00eda local.<\/li>\n<\/ul>\n<\/div>[\/vc_column][\/vc_row][vc_row][vc_column]<div id=\"ultimate-heading-925569f3795fa91cc\" class=\"uvc-heading ult-adjust-bottom-margin ultimate-heading-925569f3795fa91cc uvc-4675 \" data-hspacer=\"no_spacer\"  data-halign=\"left\" style=\"text-align:left\"><div class=\"uvc-heading-spacer no_spacer\" style=\"top\"><\/div><div class=\"uvc-main-heading ult-responsive\"  data-ultimate-target='.uvc-heading.ultimate-heading-925569f3795fa91cc h2'  data-responsive-json-new='{\"font-size\":\"desktop:25px;\",\"line-height\":\"\"}' ><h2 style=\"--font-weight:theme;margin-bottom:20px;\">PLAYAS DE LA CUENCA DEL LAGO RANCO<\/h2><\/div><div class=\"uvc-sub-heading ult-responsive\"  data-ultimate-target='.uvc-heading.ultimate-heading-925569f3795fa91cc .uvc-sub-heading '  data-responsive-json-new='{\"font-size\":\"desktop:18px;\",\"line-height\":\"\"}'  style=\"font-weight:normal;margin-bottom:20px;\">La cuenca del Lago Ranco cuenta con bellas playas aptas\u00a0 para realizar deportes n\u00e1uticos, o tan simple como contemplar y disfrutar de los parajes del sector, entre ellas podemos destacar las siguientes playas por sus aguas cristalinas y finas arenas.<\/div><\/div><div class=\"standard-arrow list-divider bullet-top\"><ul>\n<li><strong><em>PLAYA HUEQUECURA <\/em><\/strong>Ubicada en Llifen y a 20 kil\u00f3metros de Futrono,\u00a0 asentada en los faldeos del imponente cerro Huequecura , aguas cristalinas aptas para el nado, pasear en bote, kayak, lancha etc.<\/li>\n<\/ul>\n<p>&nbsp;<\/p>\n<ul>\n<li><strong><em>PLAYA CALCURRUPE <\/em><\/strong>Playa de arenas volc\u00e1nicas, ubicada entre LLifen y Salto Nilahue\u00a0 perteneciente a la comuna de Lago Ranco, a unos 8 minutos de las Caba\u00f1as.<\/li>\n<\/ul>\n<p>&nbsp;<\/p>\n<ul>\n<li><strong><em>PLAYA EL ARENAL <\/em><\/strong>Playa de arenas\u00a0 volc\u00e1nicas, de unos 800 mts de extensi\u00f3n, ubicada en la comuna de Lago Ranco, de f\u00e1cil acceso con camino asfaltado,\u00a0 ubicada en sector de Illahuapi, a 15 minutos de las Caba\u00f1as.<\/li>\n<\/ul>\n<p>&nbsp;<\/p>\n<ul>\n<li><strong><em>BAHIA COIQUE <\/em><\/strong>Se ubica en la ribera norponiente del lago y\u00a0 a tan solo 7 kil\u00f3metros de Futrono esta hermosa\u00a0 y extensa playa de arenas blancas, playa apta para nadar, hacer deportes n\u00e1uticos,\u00a0 ubicada a unos 30 minutos de las caba\u00f1as.<\/li>\n<\/ul>\n<p>&nbsp;<\/p>\n<ul>\n<li><strong><em>PLAYA EPULAFQUEN <\/em><\/strong>Hermosa playa de arenas oscuras, ubicada en sector de Ri\u00f1inahue, a 15 minutos de las caba\u00f1as, la cual su caracter\u00edstica principal es la limpieza de sus aguas y un maravilloso paisaje que cautiva a los visitantes.<\/li>\n<\/ul>\n<\/div>[vc_media_grid element_width=\u00bb2&#8243; grid_id=\u00bbvc_gid:1639709582764-9c7aae1a-739f-9&#8243; include=\u00bb3077,3064,3070,3068,3067,3071&#8243;][\/vc_column][\/vc_row][vc_row full_width=\u00bbstretch_row\u00bb bg_type=\u00bbbg_color\u00bb bg_color_value=\u00bb#f4f4f4&#8243;][vc_column]<div id=\"ultimate-heading-795369f3795fa921e\" class=\"uvc-heading ult-adjust-bottom-margin ultimate-heading-795369f3795fa921e uvc-7481 \" data-hspacer=\"no_spacer\"  data-halign=\"left\" style=\"text-align:left\"><div class=\"uvc-heading-spacer no_spacer\" style=\"top\"><\/div><div class=\"uvc-main-heading ult-responsive\"  data-ultimate-target='.uvc-heading.ultimate-heading-795369f3795fa921e h2'  data-responsive-json-new='{\"font-size\":\"desktop:25px;\",\"line-height\":\"\"}' ><h2 style=\"--font-weight:theme;margin-bottom:20px;\">PARQUES<\/h2><\/div><div class=\"uvc-sub-heading ult-responsive\"  data-ultimate-target='.uvc-heading.ultimate-heading-795369f3795fa921e .uvc-sub-heading '  data-responsive-json-new='{\"font-size\":\"desktop:18px;\",\"line-height\":\"\"}'  style=\"font-weight:normal;margin-bottom:20px;\">Podemos visitar 2 parques los cuales est\u00e1n llenos de atractivos naturales con sus grandes extensiones\u00a0 de bosques nativos v\u00edrgenes, ca\u00eddas de agua, campos de lava, los que hoy en dia se pueden visitar a trav\u00e9s de exclusivos senderos y actividades guiadas.<\/div><\/div><div class=\"standard-arrow list-divider bullet-top\"><ul>\n<li><strong><em>PARQUE FUTANGUE<\/em><\/strong>:Este parque es una conocida reserva natural ubicada al pie de la cordillera de Los Andes, reconocido por poseer algunos de los ejemplares\u00a0 mejor conservados de la selva valdiviana, uno de los centros de biodiversidad m\u00e1s importantes del planeta, cuenta con 13.500 hect\u00e1reas de bosque nativo y casi 100 km de senderos.\n<p>Su ingreso principal se encuentra en el sector de Ri\u00f1inahue\u00a0 y ofrece diversas actividades y servicios para quienes lo visiten.<\/p>\n<p>&nbsp;<\/p>\n<p>&nbsp;<\/li>\n<li><strong><em>PARQUE HUSIHUE<\/em><\/strong>Ubicado a 70 kil\u00f3metros de Futrono y a 50 kil\u00f3metros de Llifen tiene una extensi\u00f3n de\u00a0 27.800 hect\u00e1reas, el cual se encuentra entre la cordillera de Los Andes y el cord\u00f3n Caulle, donde se pueden encontrar diversos \u00e1rboles nativos tales como robles, lengas, ulmo, tepa, entre otras especies nativas, grandes cuerpos de agua est\u00e1n presentes en todo el territorio, lo que ha permitido la formaci\u00f3n de lagunas y lagos, donde se realiza pesca solo con mosca; es importante destacar el componente\u00a0 geogr\u00e1fico del territorio con la presencia de los volcanes Carran y Mirador ,\u00a0 el ingreso a este parque pueden hacerlo por Ri\u00f1inahue.<\/li>\n<\/ul>\n<\/div>[\/vc_column][\/vc_row]<\/p>\n","protected":false},"excerpt":{"rendered":"<p>[vc_row][vc_column][vc_row_inner][vc_column_inner width=\u00bb1\/6&#8243;][\/vc_column_inner][vc_column_inner width=\u00bb5\/6&#8243;][\/vc_column_inner][\/vc_row_inner][vc_media_grid element_width=\u00bb2&#8243; grid_id=\u00bbvc_gid:1639709413542-633d4e04-7b59-4&#8243; include=\u00bb3073,3131,3137,3138,3139,3066&#8243;][\/vc_column][\/vc_row][vc_row full_width=\u00bbstretch_row\u00bb bg_type=\u00bbbg_color\u00bb bg_override=\u00bbex-full\u00bb bg_color_value=\u00bb#f4f4f4&#8243;][vc_column][\/vc_column][\/vc_row][vc_row][vc_column][vc_media_grid element_width=\u00bb2&#8243; grid_id=\u00bbvc_gid:1639709582764-9c7aae1a-739f-9&#8243; include=\u00bb3077,3064,3070,3068,3067,3071&#8243;][\/vc_column][\/vc_row][vc_row full_width=\u00bbstretch_row\u00bb bg_type=\u00bbbg_color\u00bb bg_color_value=\u00bb#f4f4f4&#8243;][vc_column][\/vc_column][\/vc_row]<\/p>\n","protected":false},"author":1,"featured_media":0,"parent":0,"menu_order":0,"comment_status":"closed","ping_status":"closed","template":"","meta":{"footnotes":""},"class_list":["post-3134","page","type-page","status-publish","hentry","description-off"],"_links":{"self":[{"href":"https:\/\/xn--cabaasulmo-w9a.cl\/index.php\/wp-json\/wp\/v2\/pages\/3134","targetHints":{"allow":["GET"]}}],"collection":[{"href":"https:\/\/xn--cabaasulmo-w9a.cl\/index.php\/wp-json\/wp\/v2\/pages"}],"about":[{"href":"https:\/\/xn--cabaasulmo-w9a.cl\/index.php\/wp-json\/wp\/v2\/types\/page"}],"author":[{"embeddable":true,"href":"https:\/\/xn--cabaasulmo-w9a.cl\/index.php\/wp-json\/wp\/v2\/users\/1"}],"replies":[{"embeddable":true,"href":"https:\/\/xn--cabaasulmo-w9a.cl\/index.php\/wp-json\/wp\/v2\/comments?post=3134"}],"version-history":[{"count":3,"href":"https:\/\/xn--cabaasulmo-w9a.cl\/index.php\/wp-json\/wp\/v2\/pages\/3134\/revisions"}],"predecessor-version":[{"id":3136,"href":"https:\/\/xn--cabaasulmo-w9a.cl\/index.php\/wp-json\/wp\/v2\/pages\/3134\/revisions\/3136"}],"wp:attachment":[{"href":"https:\/\/xn--cabaasulmo-w9a.cl\/index.php\/wp-json\/wp\/v2\/media?parent=3134"}],"curies":[{"name":"wp","href":"https:\/\/api.w.org\/{rel}","templated":true}]}}